{"id":1132,"date":"2022-07-12T08:00:25","date_gmt":"2022-07-12T06:00:25","guid":{"rendered":"https:\/\/chargemyride.mt\/ahbarijiet\/"},"modified":"2024-06-30T16:16:22","modified_gmt":"2024-06-30T14:16:22","slug":"ahbarijiet","status":"publish","type":"page","link":"https:\/\/chargemyride.mt\/mt\/ahbarijiet\/","title":{"rendered":"A\u0127barijiet"},"content":{"rendered":"<p><div class=\"fusion-fullwidth fullwidth-box fusion-builder-row-1 fusion-flex-container hundred-percent-fullwidth non-hundred-percent-height-scrolling\" style=\"background-color: rgba(255,255,255,0);background-position: center center;background-repeat: no-repeat;border-width: 0px 0px 0px 0px;border-color:rgba(97,158,133,0);border-style:solid;\" ><div class=\"fusion-builder-row fusion-row fusion-flex-align-items-flex-start\" style=\"width:104% !important;max-width:104% !important;margin-left: calc(-4% \/ 2 );margin-right: calc(-4% \/ 2 );\"><div class=\"fusion-layout-column fusion_builder_column fusion-builder-column-0 fusion_builder_column_1_1 1_1 fusion-flex-column\"><div class=\"fusion-column-wrapper fusion-flex-justify-content-flex-start fusion-content-layout-column\" style=\"background-position:left top;background-repeat:no-repeat;-webkit-background-size:cover;-moz-background-size:cover;-o-background-size:cover;background-size:cover;padding: 0px 0px 0px 0px;\"><div class=\"fusion-text fusion-text-1\"><h1 class=\"fusion-responsive-typography-calculated\" style=\"--fontsize: 40; line-height: 1.4;\" data-fontsize=\"40\" data-lineheight=\"56px\">A\u0126BARIJIET U A\u0120\u0120ORNAMENTI<\/h1>\n<\/div><\/div><style type=\"text\/css\">.fusion-body .fusion-builder-column-0{width:100% !important;margin-top : 0px;margin-bottom : 20px;}.fusion-builder-column-0 > .fusion-column-wrapper {padding-top : 0px !important;padding-right : 0px !important;margin-right : 1.92%;padding-bottom : 0px !important;padding-left : 0px !important;margin-left : 1.92%;}@media only screen and (max-width:1024px) {.fusion-body .fusion-builder-column-0{width:100% !important;order : 0;}.fusion-builder-column-0 > .fusion-column-wrapper {margin-right : 1.92%;margin-left : 1.92%;}}@media only screen and (max-width:640px) {.fusion-body .fusion-builder-column-0{width:100% !important;order : 0;}.fusion-builder-column-0 > .fusion-column-wrapper {margin-right : 1.92%;margin-left : 1.92%;}}<\/style><\/div><div class=\"fusion-layout-column fusion_builder_column fusion-builder-column-1 fusion_builder_column_1_1 1_1 fusion-flex-column fusion-flex-align-self-flex-start fusion-column-no-min-height\"><div class=\"fusion-column-wrapper fusion-flex-justify-content-flex-start fusion-content-layout-column\" style=\"background-position:left top;background-blend-mode: overlay;background-repeat:no-repeat;-webkit-background-size:cover;-moz-background-size:cover;-o-background-size:cover;background-size:cover;padding: 0px 0px 0px 0px;\"><div class=\"fusion-blog-shortcode fusion-blog-shortcode-1 fusion-blog-archive fusion-blog-layout-grid-wrapper fusion-blog-infinite\"><style type=\"text\/css\">.fusion-blog-shortcode-1 .fusion-blog-layout-grid .fusion-post-grid{padding:20px;}.fusion-blog-shortcode-1 .fusion-posts-container{margin-left: -20px !important; margin-right:-20px !important;}<\/style><div class=\"fusion-posts-container fusion-posts-container-infinite fusion-posts-container-load-more fusion-blog-rollover fusion-blog-layout-grid fusion-blog-layout-grid-3 isotope\" data-pages=\"2\" data-grid-col-space=\"40\" style=\"margin: -20px -20px 0;min-height:500px;\"><article id=\"blog-1-post-1135\" class=\"fusion-post-grid post-1135 post type-post status-publish format-standard hentry category-uncategorized-mt\">\n<div class=\"fusion-post-wrapper\" style=\"background-color:rgba(255,255,255,0);border:1px solid #e8e8e8;border-bottom-width:3px;\">\n\n<div class=\"fusion-post-content-wrapper\" style=\"padding:30px 25px 20px 25px;\"><div class=\"fusion-post-content post-content\"><h2 class=\"blog-shortcode-post-title entry-title\">A\u0121\u0121ornament tas-Servizz tal-Komunikazzjoni<\/h2><p class=\"fusion-single-line-meta\"><span class=\"vcard\" style=\"display: none;\"><span class=\"fn\"><a href=\"https:\/\/chargemyride.mt\/mt\/author\/acamilleri\/\" title=\"Posts by Alexandra Camilleri\" rel=\"author\">Alexandra Camilleri<\/a><\/span><\/span><span class=\"updated\" style=\"display:none;\">2024-02-05T16:09:57+02:00<\/span><span>5th February 2024<\/span><span class=\"fusion-inline-sep\">|<\/span><\/p><div class=\"fusion-content-sep sep-single sep-solid\" style=\"border-color:#e0e0e0;\"><\/div><div class=\"fusion-post-content-container\"><p>IMPORTANTI: I\u010b-\u010bar\u0121ers pubbli\u010bi kollha ma jistg\u0127ux jintu\u017caw illejla, is-6 ta\u2019 Frar, bejn 00:00 u s-06:00 min\u0127abba a\u0121\u0121ornament kbir mill-fornitur tas-servizzi tal-komunikazzjonijiet. A\u0127na n\u0127e\u0121\u0121u lill-utenti jtemmu kwalunkwe sessjoni ta\u2019 \u010b\u010bar\u0121jar qabel il-11:30pm tal-lejla, biex ti\u0121i evitata [...]<\/p><\/div><\/div><div class=\"fusion-meta-info\"><div class=\"fusion-alignleft\"><a class=\"fusion-read-more\" href=\"https:\/\/chargemyride.mt\/mt\/aggornament-tas-servizz-tal-komunikazzjoni\/\" aria-label=\"More on A\u0121\u0121ornament tas-Servizz tal-Komunikazzjoni\">Aqra Aktar<\/a><\/div><\/div><\/div><div class=\"fusion-clearfix\"><\/div><\/div>\n<\/article>\n<article id=\"blog-1-post-1136\" class=\"fusion-post-grid post-1136 post type-post status-publish format-standard hentry category-uncategorized-mt\">\n<div class=\"fusion-post-wrapper\" style=\"background-color:rgba(255,255,255,0);border:1px solid #e8e8e8;border-bottom-width:3px;\">\n\n<div class=\"fusion-post-content-wrapper\" style=\"padding:30px 25px 20px 25px;\"><div class=\"fusion-post-content post-content\"><h2 class=\"blog-shortcode-post-title entry-title\">A\u0121\u0121ornament tas-Software tal-Komunikazzjoni<\/h2><p class=\"fusion-single-line-meta\"><span class=\"vcard\" style=\"display: none;\"><span class=\"fn\"><a href=\"https:\/\/chargemyride.mt\/mt\/author\/acamilleri\/\" title=\"Posts by Alexandra Camilleri\" rel=\"author\">Alexandra Camilleri<\/a><\/span><\/span><span class=\"updated\" style=\"display:none;\">2023-10-10T13:16:04+02:00<\/span><span>10th October 2023<\/span><span class=\"fusion-inline-sep\">|<\/span><\/p><div class=\"fusion-content-sep sep-single sep-solid\" style=\"border-color:#e0e0e0;\"><\/div><div class=\"fusion-post-content-container\"><p>IMPORTANTI: I\u010b-\u010bar\u0121ers pubbli\u010bi kollha ma jistg\u0127ux jintu\u017caw illejla, is-6 ta\u2019 Frar, bejn 00:00 u s-06:00 min\u0127abba a\u0121\u0121ornament kbir mill-fornitur tas-servizzi tal-komunikazzjonijiet. A\u0127na n\u0127e\u0121\u0121u lill-utenti jtemmu kwalunkwe sessjoni ta\u2019 \u010b\u010bar\u0121jar qabel il-11:30pm tal-lejla, biex ti\u0121i evitata [...]<\/p><\/div><\/div><div class=\"fusion-meta-info\"><div class=\"fusion-alignleft\"><a class=\"fusion-read-more\" href=\"https:\/\/chargemyride.mt\/mt\/aggornament-tas-software-tal-komunikazzjoni\/\" aria-label=\"More on A\u0121\u0121ornament tas-Software tal-Komunikazzjoni\">Aqra Aktar<\/a><\/div><\/div><\/div><div class=\"fusion-clearfix\"><\/div><\/div>\n<\/article>\n<article id=\"blog-1-post-1170\" class=\"fusion-post-grid post-1170 post type-post status-publish format-standard hentry category-uncategorized-mt\">\n<div class=\"fusion-post-wrapper\" style=\"background-color:rgba(255,255,255,0);border:1px solid #e8e8e8;border-bottom-width:3px;\">\n\n<div class=\"fusion-post-content-wrapper\" style=\"padding:30px 25px 20px 25px;\"><div class=\"fusion-post-content post-content\"><h2 class=\"blog-shortcode-post-title entry-title\">Tariffi tal-Pilastri tal-I\u010b\u010bar\u0121jar<\/h2><p class=\"fusion-single-line-meta\"><span class=\"vcard\" style=\"display: none;\"><span class=\"fn\"><a href=\"https:\/\/chargemyride.mt\/mt\/author\/acamilleri\/\" title=\"Posts by Alexandra Camilleri\" rel=\"author\">Alexandra Camilleri<\/a><\/span><\/span><span class=\"updated\" style=\"display:none;\">2023-09-29T14:40:29+02:00<\/span><span>29th September 2023<\/span><span class=\"fusion-inline-sep\">|<\/span><\/p><div class=\"fusion-content-sep sep-single sep-solid\" style=\"border-color:#e0e0e0;\"><\/div><div class=\"fusion-post-content-container\"><p>Jekk jog\u0127\u0121bok kun af li mit-22.00 tat-30 ta\u2019 Settembru 2023, il-pilastri tal-i\u010b\u010bar\u0121jar fil-carports solari \u0121ewwa l-Marsa, Ta\u2019 Xbiex u \u010b-\u010airkewwa se jibdew isegwu t-tariffi ta\u2019 ChargeMyRide.<\/p><\/div><\/div><div class=\"fusion-meta-info\"><div class=\"fusion-alignleft\"><a class=\"fusion-read-more\" href=\"https:\/\/chargemyride.mt\/mt\/tariffi-tal-pilastri-tal-iccargjar\/\" aria-label=\"More on Tariffi tal-Pilastri tal-I\u010b\u010bar\u0121jar\">Aqra Aktar<\/a><\/div><\/div><\/div><div class=\"fusion-clearfix\"><\/div><\/div>\n<\/article>\n<article id=\"blog-1-post-1171\" class=\"fusion-post-grid post-1171 post type-post status-publish format-standard hentry category-uncategorized-mt\">\n<div class=\"fusion-post-wrapper\" style=\"background-color:rgba(255,255,255,0);border:1px solid #e8e8e8;border-bottom-width:3px;\">\n\n<div class=\"fusion-post-content-wrapper\" style=\"padding:30px 25px 20px 25px;\"><div class=\"fusion-post-content post-content\"><h2 class=\"blog-shortcode-post-title entry-title\">Manutenzjoni tas-software<\/h2><p class=\"fusion-single-line-meta\"><span class=\"vcard\" style=\"display: none;\"><span class=\"fn\"><a href=\"https:\/\/chargemyride.mt\/mt\/author\/acamilleri\/\" title=\"Posts by Alexandra Camilleri\" rel=\"author\">Alexandra Camilleri<\/a><\/span><\/span><span class=\"updated\" style=\"display:none;\">2023-09-26T18:38:21+02:00<\/span><span>26th September 2023<\/span><span class=\"fusion-inline-sep\">|<\/span><\/p><div class=\"fusion-content-sep sep-single sep-solid\" style=\"border-color:#e0e0e0;\"><\/div><div class=\"fusion-post-content-container\"><p>Jekk jog\u0127\u0121bok kun af li l-fornitur tas-servizzi tas-software tag\u0127na se jkun qed iwettaq manutenzjoni ta\u2019 rutina g\u0127ada, is-27 ta\u2019 Settembru 2023, bejn 12:00 u s-14:00. Matul dan i\u017c-\u017cmien, kwalunkwe sessjoni ta' \u010b\u010bar\u0121jar li tkun di\u0121\u00e0 [...]<\/p><\/div><\/div><div class=\"fusion-meta-info\"><div class=\"fusion-alignleft\"><a class=\"fusion-read-more\" href=\"https:\/\/chargemyride.mt\/mt\/manutenzjoni-tas-software\/\" aria-label=\"More on Manutenzjoni tas-software\">Aqra Aktar<\/a><\/div><\/div><\/div><div class=\"fusion-clearfix\"><\/div><\/div>\n<\/article>\n<article id=\"blog-1-post-1172\" class=\"fusion-post-grid post-1172 post type-post status-publish format-standard hentry category-uncategorized-mt\">\n<div class=\"fusion-post-wrapper\" style=\"background-color:rgba(255,255,255,0);border:1px solid #e8e8e8;border-bottom-width:3px;\">\n\n<div class=\"fusion-post-content-wrapper\" style=\"padding:30px 25px 20px 25px;\"><div class=\"fusion-post-content post-content\"><h2 class=\"blog-shortcode-post-title entry-title\">Interruzzjoni tal-Komunikazzjonijiet<\/h2><p class=\"fusion-single-line-meta\"><span class=\"vcard\" style=\"display: none;\"><span class=\"fn\"><a href=\"https:\/\/chargemyride.mt\/mt\/author\/acamilleri\/\" title=\"Posts by Alexandra Camilleri\" rel=\"author\">Alexandra Camilleri<\/a><\/span><\/span><span class=\"updated\" style=\"display:none;\">2023-09-01T16:12:03+02:00<\/span><span>1st September 2023<\/span><span class=\"fusion-inline-sep\">|<\/span><\/p><div class=\"fusion-content-sep sep-single sep-solid\" style=\"border-color:#e0e0e0;\"><\/div><div class=\"fusion-post-content-container\"><p>Jekk jog\u0127\u0121bok kun af li l-fornitur tas-servizzi tal-komunikazzjonijiet tag\u0127na se jkun qed iwettaq manutenzjoni ta\u2019 rutina fil-5 ta\u2019 Settembru 2023, bejn is-01:00am u s-01:15am. Matul dan i\u017c-\u017cmien, se jkun hemm interruzzjoni fil-konnettivit\u00e0 g\u0127all-applikazzjoni \"Charge My [...]<\/p><\/div><\/div><div class=\"fusion-meta-info\"><div class=\"fusion-alignleft\"><a class=\"fusion-read-more\" href=\"https:\/\/chargemyride.mt\/mt\/interruzzjoni-tal-komunikazzjonijiet\/\" aria-label=\"More on Interruzzjoni tal-Komunikazzjonijiet\">Aqra Aktar<\/a><\/div><\/div><\/div><div class=\"fusion-clearfix\"><\/div><\/div>\n<\/article>\n<article id=\"blog-1-post-1173\" class=\"fusion-post-grid post-1173 post type-post status-publish format-standard hentry category-uncategorized-mt\">\n<div class=\"fusion-post-wrapper\" style=\"background-color:rgba(255,255,255,0);border:1px solid #e8e8e8;border-bottom-width:3px;\">\n\n<div class=\"fusion-post-content-wrapper\" style=\"padding:30px 25px 20px 25px;\"><div class=\"fusion-post-content post-content\"><h2 class=\"blog-shortcode-post-title entry-title\">Il-Pilastri tal-I\u010b\u010bar\u0121jar fl-Isptar Mater Dei mhux se jkunu qed ja\u0127dmu<\/h2><p class=\"fusion-single-line-meta\"><span class=\"vcard\" style=\"display: none;\"><span class=\"fn\"><a href=\"https:\/\/chargemyride.mt\/mt\/author\/acamilleri\/\" title=\"Posts by Alexandra Camilleri\" rel=\"author\">Alexandra Camilleri<\/a><\/span><\/span><span class=\"updated\" style=\"display:none;\">2023-04-20T11:16:54+02:00<\/span><span>20th April 2023<\/span><span class=\"fusion-inline-sep\">|<\/span><\/p><div class=\"fusion-content-sep sep-single sep-solid\" style=\"border-color:#e0e0e0;\"><\/div><div class=\"fusion-post-content-container\"><p>Nixtiequ ninfurmawk li min\u0127abba x-xog\u0127lijiet infrastrutturali li qed isiru mill-Isptar Mater Dei, i\u017c-\u017cew\u0121 Pilastri tal-I\u010b\u010bar\u0121jar tal-vetturi elettri\u010bi installati qrib Sir Anthony Mamo Oncology Centre se jkunu bla servizz sakemm jitlestew dawn ix-xog\u0127lijiet.<\/p><\/div><\/div><div class=\"fusion-meta-info\"><div class=\"fusion-alignleft\"><a class=\"fusion-read-more\" href=\"https:\/\/chargemyride.mt\/mt\/il-pilastri-tal-iccargjar-fl-isptar-mater-dei-mhux-se-jkunu-qed-jahdmu\/\" aria-label=\"More on Il-Pilastri tal-I\u010b\u010bar\u0121jar fl-Isptar Mater Dei mhux se jkunu qed ja\u0127dmu\">Aqra Aktar<\/a><\/div><\/div><\/div><div class=\"fusion-clearfix\"><\/div><\/div>\n<\/article>\n<article id=\"blog-1-post-1174\" class=\"fusion-post-grid post-1174 post type-post status-publish format-standard hentry category-uncategorized-mt\">\n<div class=\"fusion-post-wrapper\" style=\"background-color:rgba(255,255,255,0);border:1px solid #e8e8e8;border-bottom-width:3px;\">\n\n<div class=\"fusion-post-content-wrapper\" style=\"padding:30px 25px 20px 25px;\"><div class=\"fusion-post-content post-content\"><h2 class=\"blog-shortcode-post-title entry-title\">Il-Pilastru tal-I\u010b\u010bar\u0121jar fil-Manikata qed jer\u0121a\u2019 ja\u0127dem<\/h2><p class=\"fusion-single-line-meta\"><span class=\"vcard\" style=\"display: none;\"><span class=\"fn\"><a href=\"https:\/\/chargemyride.mt\/mt\/author\/acamilleri\/\" title=\"Posts by Alexandra Camilleri\" rel=\"author\">Alexandra Camilleri<\/a><\/span><\/span><span class=\"updated\" style=\"display:none;\">2023-04-19T16:52:01+02:00<\/span><span>19th April 2023<\/span><span class=\"fusion-inline-sep\">|<\/span><\/p><div class=\"fusion-content-sep sep-single sep-solid\" style=\"border-color:#e0e0e0;\"><\/div><div class=\"fusion-post-content-container\"><p>Nixtiequ ninfurmawk li x-xog\u0127lijiet ta\u2019 komunikazzjoni minn partijiet terzi fi\u017c-\u017cona tal-Manikata tlestew u li l-Pilastru tal-I\u010b\u010bar\u0121jar tal-vetturi elettri\u010bi installat fi Triq il-Mellie\u0127a, il-Manikata re\u0121a\u2019 qed ja\u0127dem<\/p><\/div><\/div><div class=\"fusion-meta-info\"><div class=\"fusion-alignleft\"><a class=\"fusion-read-more\" href=\"https:\/\/chargemyride.mt\/mt\/il-pilastru-tal-iccargjar-fil-manikata-qed-jerga-jahdem\/\" aria-label=\"More on Il-Pilastru tal-I\u010b\u010bar\u0121jar fil-Manikata qed jer\u0121a\u2019 ja\u0127dem\">Aqra Aktar<\/a><\/div><\/div><\/div><div class=\"fusion-clearfix\"><\/div><\/div>\n<\/article>\n<article id=\"blog-1-post-1175\" class=\"fusion-post-grid post-1175 post type-post status-publish format-standard hentry category-uncategorized-mt\">\n<div class=\"fusion-post-wrapper\" style=\"background-color:rgba(255,255,255,0);border:1px solid #e8e8e8;border-bottom-width:3px;\">\n\n<div class=\"fusion-post-content-wrapper\" style=\"padding:30px 25px 20px 25px;\"><div class=\"fusion-post-content post-content\"><h2 class=\"blog-shortcode-post-title entry-title\">Servizzi ta\u2019 Komunikazzjoni Interrotti<\/h2><p class=\"fusion-single-line-meta\"><span class=\"vcard\" style=\"display: none;\"><span class=\"fn\"><a href=\"https:\/\/chargemyride.mt\/mt\/author\/acamilleri\/\" title=\"Posts by Alexandra Camilleri\" rel=\"author\">Alexandra Camilleri<\/a><\/span><\/span><span class=\"updated\" style=\"display:none;\">2023-03-08T17:38:22+02:00<\/span><span>8th March 2023<\/span><span class=\"fusion-inline-sep\">|<\/span><\/p><div class=\"fusion-content-sep sep-single sep-solid\" style=\"border-color:#e0e0e0;\"><\/div><div class=\"fusion-post-content-container\"><p>Nixtiequ ninfurmawk li min\u0127abba xog\u0127lijiet ta\u2019 manutenzjoni ta\u2019 emer\u0121enza, il-fornitur tas-servizz tal-komunikazzjonijiet tag\u0127na g\u0127andu b\u017conn iwaqqaf is-servizz g\u0127al mhux aktar minn 20 minuta bejn l-22:30 u 00:00 tas-16 ta\u2019 Frar 2023. Dan se jaffettwa s-servizzi [...]<\/p><\/div><\/div><div class=\"fusion-meta-info\"><div class=\"fusion-alignleft\"><a class=\"fusion-read-more\" href=\"https:\/\/chargemyride.mt\/mt\/servizzi-ta-komunikazzjoni-interrotti\/\" aria-label=\"More on Servizzi ta\u2019 Komunikazzjoni Interrotti\">Aqra Aktar<\/a><\/div><\/div><\/div><div class=\"fusion-clearfix\"><\/div><\/div>\n<\/article>\n<article id=\"blog-1-post-1179\" class=\"fusion-post-grid post-1179 post type-post status-publish format-gallery hentry category-uncategorized-mt post_format-post-format-gallery\">\n<div class=\"fusion-post-wrapper\" style=\"background-color:rgba(255,255,255,0);border:1px solid #e8e8e8;border-bottom-width:3px;\">\n\n<div class=\"fusion-post-content-wrapper\" style=\"padding:30px 25px 20px 25px;\"><div class=\"fusion-post-content post-content\"><h2 class=\"blog-shortcode-post-title entry-title\">Manutenzjoni skedata.<\/h2><p class=\"fusion-single-line-meta\"><span class=\"vcard\" style=\"display: none;\"><span class=\"fn\"><a href=\"https:\/\/chargemyride.mt\/mt\/author\/vince-clark\/\" title=\"Posts by Vince Clark\" rel=\"author\">Vince Clark<\/a><\/span><\/span><span class=\"updated\" style=\"display:none;\">2024-07-06T10:28:39+02:00<\/span><span>26th July 2022<\/span><span class=\"fusion-inline-sep\">|<\/span><\/p><div class=\"fusion-content-sep sep-single sep-solid\" style=\"border-color:#e0e0e0;\"><\/div><div class=\"fusion-post-content-container\"><p> Is-Sistema Charge My Ride u l-Infrastruttura tal-I\u010b\u010bar\u0121jar Pubblika tag\u0127ha se jkunu offline illum is-26 ta\u2019 Lulju bejn il-17:00pm u l-17:30pm min\u0127abba manutenzjoni li g\u0127addejja.    <\/p><\/div><\/div><div class=\"fusion-meta-info\"><div class=\"fusion-alignleft\"><a class=\"fusion-read-more\" href=\"https:\/\/chargemyride.mt\/mt\/manutenzjoni-skedata\/\" aria-label=\"More on Manutenzjoni skedata.\">Aqra Aktar<\/a><\/div><\/div><\/div><div class=\"fusion-clearfix\"><\/div><\/div>\n<\/article>\n<div class=\"fusion-clearfix\"><\/div><\/div><div class=\"fusion-infinite-scroll-trigger\"><\/div><div class=\"pagination infinite-scroll clearfix\" style=\"display:none;\"><span class=\"current\">1<\/span><a href=\"https:\/\/chargemyride.mt\/mt\/wp-json\/wp\/v2\/pages\/1132\/page\/2\/\" class=\"inactive\">2<\/a><a class=\"pagination-next\" rel=\"next\" href=\"https:\/\/chargemyride.mt\/mt\/wp-json\/wp\/v2\/pages\/1132\/page\/2\/\"><span class=\"page-text\">Next<\/span><span class=\"page-next\"><\/span><\/a><\/div><div class=\"fusion-clearfix\"><\/div><button class=\"fusion-load-more-button fusion-blog-button fusion-clearfix\">Uri Aktar<\/button><\/div><div class=\"fusion-separator fusion-full-width-sep\" style=\"align-self: center;margin-left: auto;margin-right: auto;margin-top:20px;margin-bottom:20px;width:100%;\"><\/div><\/div><style type=\"text\/css\">.fusion-body .fusion-builder-column-1{width:100% !important;margin-top : 0px;margin-bottom : 0px;}.fusion-builder-column-1 > .fusion-column-wrapper {padding-top : 0px !important;padding-right : 0px !important;margin-right : 1.92%;padding-bottom : 0px !important;padding-left : 0px !important;margin-left : 1.92%;}@media only screen and (max-width:1024px) {.fusion-body .fusion-builder-column-1{width:100% !important;}.fusion-builder-column-1 > .fusion-column-wrapper {margin-right : 1.92%;margin-left : 1.92%;}}@media only screen and (max-width:640px) {.fusion-body .fusion-builder-column-1{width:100% !important;}.fusion-builder-column-1 > .fusion-column-wrapper {margin-right : 1.92%;margin-left : 1.92%;}}<\/style><\/div><\/div><style type=\"text\/css\">.fusion-fullwidth.fusion-builder-row-1 { overflow:visible; }.fusion-body .fusion-flex-container.fusion-builder-row-1{ padding-top : 0px;margin-top : 20;padding-right : 0px;padding-bottom : 0px;margin-bottom : 0px;padding-left : 0px;}<\/style><\/div><div class=\"fusion-fullwidth fullwidth-box fusion-builder-row-2 fusion-flex-container nonhundred-percent-fullwidth non-hundred-percent-height-scrolling\" style=\"background-color: rgba(255,255,255,0);background-position: center center;background-repeat: no-repeat;border-width: 0px 0px 0px 0px;border-color:rgba(97,158,133,0);border-style:solid;\" ><div class=\"fusion-builder-row fusion-row fusion-flex-align-items-flex-start\" style=\"max-width:1216.8px;margin-left: calc(-4% \/ 2 );margin-right: calc(-4% \/ 2 );\"><\/div><style type=\"text\/css\">.fusion-body .fusion-flex-container.fusion-builder-row-2{ padding-top : 0px;margin-top : 0px;padding-right : 0px;padding-bottom : 0px;margin-bottom : 0px;padding-left : 0px;}<\/style><\/div><\/p>\n","protected":false},"excerpt":{"rendered":"","protected":false},"author":1,"featured_media":0,"parent":0,"menu_order":0,"comment_status":"closed","ping_status":"closed","template":"","meta":[],"acf":[],"_links":{"self":[{"href":"https:\/\/chargemyride.mt\/mt\/wp-json\/wp\/v2\/pages\/1132"}],"collection":[{"href":"https:\/\/chargemyride.mt\/mt\/wp-json\/wp\/v2\/pages"}],"about":[{"href":"https:\/\/chargemyride.mt\/mt\/wp-json\/wp\/v2\/types\/page"}],"author":[{"embeddable":true,"href":"https:\/\/chargemyride.mt\/mt\/wp-json\/wp\/v2\/users\/1"}],"replies":[{"embeddable":true,"href":"https:\/\/chargemyride.mt\/mt\/wp-json\/wp\/v2\/comments?post=1132"}],"version-history":[{"count":2,"href":"https:\/\/chargemyride.mt\/mt\/wp-json\/wp\/v2\/pages\/1132\/revisions"}],"predecessor-version":[{"id":1134,"href":"https:\/\/chargemyride.mt\/mt\/wp-json\/wp\/v2\/pages\/1132\/revisions\/1134"}],"wp:attachment":[{"href":"https:\/\/chargemyride.mt\/mt\/wp-json\/wp\/v2\/media?parent=1132"}],"curies":[{"name":"wp","href":"https:\/\/api.w.org\/{rel}","templated":true}]}}