{"id":1311,"date":"2025-10-26T10:45:24","date_gmt":"2025-10-26T08:45:24","guid":{"rendered":"https:\/\/chargemyride.mt\/?page_id=1311"},"modified":"2025-11-07T15:09:34","modified_gmt":"2025-11-07T13:09:34","slug":"informazzjoni","status":"publish","type":"page","link":"https:\/\/chargemyride.mt\/mt\/informazzjoni\/","title":{"rendered":"Informazzjoni"},"content":{"rendered":"<div class=\"fusion-fullwidth fullwidth-box fusion-builder-row-1 fusion-flex-container nonhundred-percent-fullwidth non-hundred-percent-height-scrolling\" style=\"background-color: rgba(255,255,255,0);background-position: center center;background-repeat: no-repeat;border-width: 0px 0px 0px 0px;border-color:rgba(97,158,133,0);border-style:solid;\" ><div class=\"fusion-builder-row fusion-row fusion-flex-align-items-flex-start\" style=\"max-width:1216.8px;margin-left: calc(-4% \/ 2 );margin-right: calc(-4% \/ 2 );\"><div class=\"fusion-layout-column fusion_builder_column fusion-builder-column-0 fusion_builder_column_1_2 1_2 fusion-flex-column\"><div class=\"fusion-column-wrapper fusion-flex-justify-content-flex-start fusion-content-layout-column\" style=\"background-position:left top;background-repeat:no-repeat;-webkit-background-size:cover;-moz-background-size:cover;-o-background-size:cover;background-size:cover;border-width: 10px 10px 10px 10px;border-color:rgba(255,255,255,0.55);border-style:solid;padding: 0px 0px 0px 0px;\"><div class=\"fusion-text fusion-text-1\"><table>\n<tbody>\n<tr>\n<td><img class=\"lazyload alignnone size-full wp-image-1362\" src=\"data:image\/svg+xml,%3Csvg%20xmlns%3D%27http%3A%2F%2Fwww.w3.org%2F2000%2Fsvg%27%20width%3D%27102%27%20height%3D%2764%27%20viewBox%3D%270%200%20102%2064%27%3E%3Crect%20width%3D%27102%27%20height%3D%2764%27%20fill-opacity%3D%220%22%2F%3E%3C%2Fsvg%3E\" data-orig-src=\"https:\/\/chargemyride.mt\/wp-content\/uploads\/2025\/11\/robot_thumbnail_102x64.png\" alt=\"\" width=\"102\" height=\"64\" \/><\/td>\n<td>\n<p style=\"text-align: center; font-size: 16pt; margin-top: 10px;\">Pro\u010bedura biex ti\u010b\u010bar\u0121ja l-EV tieg\u0127ek<\/p>\n<\/td>\n<\/tr>\n<\/tbody>\n<\/table>\n<\/div><div class=\"fusion-text fusion-text-2\"><div style=\"width: 1170px;\" class=\"wp-video\"><!--[if lt IE 9]><script>document.createElement('video');<\/script><![endif]-->\n<video class=\"wp-video-shortcode\" id=\"video-1311-1\" width=\"1170\" height=\"658\" preload=\"metadata\" controls=\"controls\"><source type=\"video\/mp4\" src=\"https:\/\/chargemyride.mt\/wp-content\/uploads\/2025\/10\/MT_2.mp4?_=1\" \/><a href=\"https:\/\/chargemyride.mt\/wp-content\/uploads\/2025\/10\/MT_2.mp4\">https:\/\/chargemyride.mt\/wp-content\/uploads\/2025\/10\/MT_2.mp4<\/a><\/video><\/div>\n<\/div><\/div><style type=\"text\/css\">.fusion-body .fusion-builder-column-0{width:50% !important;margin-top : 0px;margin-bottom : 0px;}.fusion-builder-column-0 > .fusion-column-wrapper {padding-top : 0px !important;padding-right : 0px !important;margin-right : 3.84%;padding-bottom : 0px !important;padding-left : 0px !important;margin-left : 3.84%;}@media only screen and (max-width:1024px) {.fusion-body .fusion-builder-column-0{width:100% !important;order : 0;}.fusion-builder-column-0 > .fusion-column-wrapper {margin-right : 1.92%;margin-left : 1.92%;}}@media only screen and (max-width:640px) {.fusion-body .fusion-builder-column-0{width:100% !important;order : 0;}.fusion-builder-column-0 > .fusion-column-wrapper {margin-right : 1.92%;margin-left : 1.92%;}}<\/style><\/div><div class=\"fusion-layout-column fusion_builder_column fusion-builder-column-1 fusion_builder_column_1_2 1_2 fusion-flex-column fusion-flex-align-self-stretch\"><div class=\"fusion-column-wrapper fusion-flex-justify-content-flex-start fusion-content-layout-column\" style=\"background-position:left top;background-repeat:no-repeat;-webkit-background-size:cover;-moz-background-size:cover;-o-background-size:cover;background-size:cover;border-width: 10px 10px 10px 10px;border-color:rgba(255,255,255,0.55);border-style:solid;padding: 0px 0px 0px 0px;\"><div class=\"fusion-text fusion-text-3\"><h2>Aktar dalwaqt&#8230;<\/h2>\n<\/div><\/div><style type=\"text\/css\">.fusion-body .fusion-builder-column-1{width:50% !important;margin-top : 0px;margin-bottom : 0px;}.fusion-builder-column-1 > .fusion-column-wrapper {padding-top : 0px !important;padding-right : 0px !important;margin-right : 3.84%;padding-bottom : 0px !important;padding-left : 0px !important;margin-left : 3.84%;}@media only screen and (max-width:1024px) {.fusion-body .fusion-builder-column-1{width:100% !important;order : 0;}.fusion-builder-column-1 > .fusion-column-wrapper {margin-right : 1.92%;margin-left : 1.92%;}}@media only screen and (max-width:640px) {.fusion-body .fusion-builder-column-1{width:100% !important;order : 0;}.fusion-builder-column-1 > .fusion-column-wrapper {margin-right : 1.92%;margin-left : 1.92%;}}<\/style><\/div><\/div><style type=\"text\/css\">.fusion-body .fusion-flex-container.fusion-builder-row-1{ padding-top : 0px;margin-top : 0px;padding-right : 0px;padding-bottom : 0px;margin-bottom : 0px;padding-left : 0px;}<\/style><\/div>\n","protected":false},"excerpt":{"rendered":"","protected":false},"author":13,"featured_media":0,"parent":0,"menu_order":0,"comment_status":"closed","ping_status":"closed","template":"","meta":[],"acf":[],"_links":{"self":[{"href":"https:\/\/chargemyride.mt\/mt\/wp-json\/wp\/v2\/pages\/1311"}],"collection":[{"href":"https:\/\/chargemyride.mt\/mt\/wp-json\/wp\/v2\/pages"}],"about":[{"href":"https:\/\/chargemyride.mt\/mt\/wp-json\/wp\/v2\/types\/page"}],"author":[{"embeddable":true,"href":"https:\/\/chargemyride.mt\/mt\/wp-json\/wp\/v2\/users\/13"}],"replies":[{"embeddable":true,"href":"https:\/\/chargemyride.mt\/mt\/wp-json\/wp\/v2\/comments?post=1311"}],"version-history":[{"count":9,"href":"https:\/\/chargemyride.mt\/mt\/wp-json\/wp\/v2\/pages\/1311\/revisions"}],"predecessor-version":[{"id":1373,"href":"https:\/\/chargemyride.mt\/mt\/wp-json\/wp\/v2\/pages\/1311\/revisions\/1373"}],"wp:attachment":[{"href":"https:\/\/chargemyride.mt\/mt\/wp-json\/wp\/v2\/media?parent=1311"}],"curies":[{"name":"wp","href":"https:\/\/api.w.org\/{rel}","templated":true}]}}